{"id":3,"date":"2023-10-31T19:52:40","date_gmt":"2023-10-31T19:52:40","guid":{"rendered":"https:\/\/steffis-kreativraum.de\/?page_id=3"},"modified":"2023-10-31T19:52:40","modified_gmt":"2023-10-31T19:52:40","slug":"privacy-policy","status":"publish","type":"page","link":"https:\/\/steffis-kreativraum.de\/?page_id=3","title":{"rendered":"Kontakt"},"content":{"rendered":"\n<figure class=\"wp-block-table\"><table><tbody><tr><td>Ich existiere nicht nur virtuell&#8230;Und so erreichen Sie mich &#8211; f\u00fcr Feedback, Kritik, Lob oder einfach f\u00fcr Anmerkungen. Gerne bin ich auch zu einem konstruktiven Erfahrungsaustausch mit allen Interessierten bereit. \u00dcber R\u00fcckmeldungen freue ich mich immer!<br><br>Impressum<br><br>Angaben gem\u00e4\u00df \u00a7 5 TMG<br><br>Stephanie A\u00dfhauer<br>Steffis Kreativraum<br>Deiseler Weg 21<br>34388 Trendelburg<br><br>Kontakt<br>Telefon: +49 (0) 5675 720616<br>E-Mail: kontakt@steffis-kreativraum.de<br><br>Verbraucherstreitbeilegung\/Universalschlichtungsstelle<br><br>Wir sind nicht bereit oder verpflichtet, an Streitbeilegungsverfahren vor einer<br>Verbraucherschlichtungsstelle teilzunehmen.<br><br>Quelle:<br>https:\/\/www.e-recht24.de<\/td><\/tr><\/tbody><\/table><\/figure>\n","protected":false},"excerpt":{"rendered":"<p>Ich existiere nicht nur virtuell&#8230;Und so erreichen Sie mich &#8211; f\u00fcr Feedback, Kritik, Lob oder einfach f\u00fcr Anmerkungen. Gerne bin ich auch zu einem konstruktiven Erfahrungsaustausch mit allen Interessierten bereit. \u00dcber R\u00fcckmeldungen freue ich mich immer! Impressum Angaben gem\u00e4\u00df \u00a7 5 TMG Stephanie A\u00dfhauerSteffis KreativraumDeiseler Weg 2134388 Trendelburg KontaktTelefon: +49 (0) 5675 720616E-Mail: kontakt@steffis-kreativraum.de Verbraucherstreitbeilegung\/Universalschlichtungsstelle [&hellip;]<\/p>\n","protected":false},"author":1,"featured_media":0,"parent":0,"menu_order":0,"comment_status":"closed","ping_status":"open","template":"","meta":{"footnotes":""},"_links":{"self":[{"href":"https:\/\/steffis-kreativraum.de\/index.php?rest_route=\/wp\/v2\/pages\/3"}],"collection":[{"href":"https:\/\/steffis-kreativraum.de\/index.php?rest_route=\/wp\/v2\/pages"}],"about":[{"href":"https:\/\/steffis-kreativraum.de\/index.php?rest_route=\/wp\/v2\/types\/page"}],"author":[{"embeddable":true,"href":"https:\/\/steffis-kreativraum.de\/index.php?rest_route=\/wp\/v2\/users\/1"}],"replies":[{"embeddable":true,"href":"https:\/\/steffis-kreativraum.de\/index.php?rest_route=%2Fwp%2Fv2%2Fcomments&post=3"}],"version-history":[{"count":1,"href":"https:\/\/steffis-kreativraum.de\/index.php?rest_route=\/wp\/v2\/pages\/3\/revisions"}],"predecessor-version":[{"id":12,"href":"https:\/\/steffis-kreativraum.de\/index.php?rest_route=\/wp\/v2\/pages\/3\/revisions\/12"}],"wp:attachment":[{"href":"https:\/\/steffis-kreativraum.de\/index.php?rest_route=%2Fwp%2Fv2%2Fmedia&parent=3"}],"curies":[{"name":"wp","href":"https:\/\/api.w.org\/{rel}","templated":true}]}}