{"id":2,"date":"2023-10-31T19:53:11","date_gmt":"2023-10-31T19:53:11","guid":{"rendered":"https:\/\/steffis-kreativraum.de\/?page_id=2"},"modified":"2023-10-31T19:53:11","modified_gmt":"2023-10-31T19:53:11","slug":"sample-page","status":"publish","type":"page","link":"https:\/\/steffis-kreativraum.de\/?page_id=2","title":{"rendered":"Home"},"content":{"rendered":"\n<p>Herzlich Willkommen auf meiner Homepage!<\/p>\n\n\n\n<p>Ich freue mich sehr, dass Sie den virtuellen Weg zu mir gefunden haben! Und damit Sie sich schon mal ein Bild von mir machen k\u00f6nnen&#8230; &#8211; hier bin ich.<\/p>\n\n\n\n<p>*coming soon*<\/p>\n\n\n\n<p>Auf meinen Internetseiten finden Sie alles rund um mit Liebe selbstgemachte kreative Geschenkideen und Geschenkartikel.<\/p>\n\n\n\n<p>Klicken Sie sich einfach von Thema zu Thema &#8211; bestimmt interessiert Sie das eine oder andere besonders. Dann finden Sie auf der entsprechenden Seite immer noch detailliertere Informationen. Oder die neuesten Werke!<\/p>\n\n\n\n<p>Und &#8211; ich w\u00fcrde gerne wissen, was Sie von meiner Internetpr\u00e4senz halten. Vermissen Sie noch etwas Bestimmtes? Ich freue mich \u00fcber Kritik und Anregungen von allen Besucherinnen und Besuchern. Schicken Sie mir doch einfach eine Nachricht \u00fcber das Kontaktformular.<\/p>\n","protected":false},"excerpt":{"rendered":"<p>Herzlich Willkommen auf meiner Homepage! Ich freue mich sehr, dass Sie den virtuellen Weg zu mir gefunden haben! Und damit Sie sich schon mal ein Bild von mir machen k\u00f6nnen&#8230; &#8211; hier bin ich. *coming soon* Auf meinen Internetseiten finden Sie alles rund um mit Liebe selbstgemachte kreative Geschenkideen und Geschenkartikel. Klicken Sie sich einfach [&hellip;]<\/p>\n","protected":false},"author":2,"featured_media":0,"parent":0,"menu_order":0,"comment_status":"closed","ping_status":"open","template":"","meta":{"footnotes":""},"_links":{"self":[{"href":"https:\/\/steffis-kreativraum.de\/index.php?rest_route=\/wp\/v2\/pages\/2"}],"collection":[{"href":"https:\/\/steffis-kreativraum.de\/index.php?rest_route=\/wp\/v2\/pages"}],"about":[{"href":"https:\/\/steffis-kreativraum.de\/index.php?rest_route=\/wp\/v2\/types\/page"}],"author":[{"embeddable":true,"href":"https:\/\/steffis-kreativraum.de\/index.php?rest_route=\/wp\/v2\/users\/2"}],"replies":[{"embeddable":true,"href":"https:\/\/steffis-kreativraum.de\/index.php?rest_route=%2Fwp%2Fv2%2Fcomments&post=2"}],"version-history":[{"count":1,"href":"https:\/\/steffis-kreativraum.de\/index.php?rest_route=\/wp\/v2\/pages\/2\/revisions"}],"predecessor-version":[{"id":11,"href":"https:\/\/steffis-kreativraum.de\/index.php?rest_route=\/wp\/v2\/pages\/2\/revisions\/11"}],"wp:attachment":[{"href":"https:\/\/steffis-kreativraum.de\/index.php?rest_route=%2Fwp%2Fv2%2Fmedia&parent=2"}],"curies":[{"name":"wp","href":"https:\/\/api.w.org\/{rel}","templated":true}]}}